{"id":727,"date":"2023-01-05T10:43:03","date_gmt":"2023-01-05T10:43:03","guid":{"rendered":"https:\/\/mintxeta.com\/?page_id=727"},"modified":"2024-11-28T16:45:57","modified_gmt":"2024-11-28T16:45:57","slug":"bitxikeriak","status":"publish","type":"page","link":"https:\/\/mintxeta.com\/index.php\/bitxikeriak\/","title":{"rendered":"BITXIKERIAK"},"content":{"rendered":"<p>[et_pb_section fb_built=\u00bb1&#8243; fullwidth=\u00bbon\u00bb _builder_version=\u00bb4.19.0&#8243; _module_preset=\u00bbdefault\u00bb global_colors_info=\u00bb{}\u00bb][et_pb_fullwidth_image src=\u00bbhttps:\/\/mintxeta.com\/wp-content\/uploads\/2022\/11\/curiosidades.jpg\u00bb title_text=\u00bbcuriosidades\u00bb _builder_version=\u00bb4.19.0&#8243; _module_preset=\u00bbdefault\u00bb global_colors_info=\u00bb{}\u00bb][\/et_pb_fullwidth_image][\/et_pb_section][et_pb_section fb_built=\u00bb1&#8243; _builder_version=\u00bb4.19.0&#8243; _module_preset=\u00bbdefault\u00bb global_colors_info=\u00bb{}\u00bb][et_pb_row _builder_version=\u00bb4.19.0&#8243; _module_preset=\u00bbdefault\u00bb global_colors_info=\u00bb{}\u00bb][et_pb_column type=\u00bb4_4&#8243; _builder_version=\u00bb4.19.0&#8243; _module_preset=\u00bbdefault\u00bb global_colors_info=\u00bb{}\u00bb][et_pb_text _builder_version=\u00bb4.19.4&#8243; _module_preset=\u00bbdefault\u00bb text_font=\u00bbMontserrat||||||||\u00bb global_colors_info=\u00bb{}\u00bb]<\/p>\n<h1 style=\"font-weight: bold;\">BITXIKERIAK<\/h1>\n<p>[\/et_pb_text][et_pb_text _builder_version=\u00bb4.19.4&#8243; _module_preset=\u00bbdefault\u00bb global_colors_info=\u00bb{}\u00bb]<\/p>\n<ul>\n<ul>\n<li><strong>Jordi Garcia y Fernando Cerrada<\/strong> dira proba hau Junior eta Senior mailetan irabazi duten bakarrak.<\/li>\n<li><strong>Mart\u00edn Fiz<\/strong>-ek, 1982 urtetik aurrera, 15 ediziotan parte hartu izan du.<\/li>\n<li>Kros honetan, <strong>30 herrialdetatik gorako atletek<\/strong> parte hartuizan dute.<\/li>\n<li>Nazioarteko lehenengo edizioetan <strong>atletek \u201cjenerotan\u201d kobratzen zuten<\/strong> (eskopetak, josteko makinak, erlojuak, telebistak\u2026).<\/li>\n<li><strong>Mariano Haro y Bel\u00e9n Azpeitia<\/strong> izan dira, gizonezkoen eta emakumezkoen senior kategorian, Nazioarteko Juan Muguerza Krosa gehienetan irabazi izan duten atletak.<\/li>\n<li>Kros honetan <strong>9 irabazle olinpikok<\/strong>parte hartu izan dute.<\/li>\n<\/ul>\n<\/ul>\n<p>[\/et_pb_text][et_pb_image src=\u00bbhttps:\/\/mintxeta.com\/wp-content\/uploads\/2022\/11\/prueba-masculina-en-lerun-elgoibar.jpg\u00bb title_text=\u00bbprueba-masculina-en-lerun-elgoibar\u00bb _builder_version=\u00bb4.19.0&#8243; _module_preset=\u00bbdefault\u00bb global_colors_info=\u00bb{}\u00bb][\/et_pb_image][et_pb_text _builder_version=\u00bb4.19.4&#8243; _module_preset=\u00bbdefault\u00bb global_colors_info=\u00bb{}\u00bb]<\/p>\n<ul>\n<ul>\n<li>Edizioetariko batean, <strong>Mammo Woldek Belen Azpeitia atleta gipuzkoarraren zapatilak jantzita korrika egin behar izan zuen<\/strong>, eta gainera, edizio hartako irabazle izan zen.<\/li>\n<li>1964 urtean etiopiarrak izan ziren, eta 2001ean kenyarrak, podiumeko postu guztiak bereganatu zituztenak.<\/li>\n<li><strong>1981 urtean<\/strong>, atleta guztiak Elgoibarren zeuden arren, <strong>proba bertan behera utzi behar izan zuten, elurte baten ondorioz.<\/strong><\/li>\n<li><strong>1999ko edizioaren irabazle PAUL TERGAT izan zen<\/strong>, bost aldiz munduko Kros txapelduna. Tergat brontzezko dominaren irabazle ere izan zen Sidneyko Olinpiadetan, 10.000 metroko proban.<\/li>\n<li><strong>1993 urtean, Haile Grebeselasie etiopiar txapeldun handiak Krosean korrika egin zuen<\/strong>, eta bigarren postuan geratu zen bere maisu Fita Bayesa etiopiarraren atzetik.<\/li>\n<\/ul>\n<\/ul>\n<p>&nbsp;<\/p>\n<p>[\/et_pb_text][et_pb_image src=\u00bbhttps:\/\/mintxeta.com\/wp-content\/uploads\/2022\/11\/prueba-femenina-en-lerun-elgoibar.jpg\u00bb title_text=\u00bbprueba-femenina-en-lerun-elgoibar\u00bb _builder_version=\u00bb4.19.0&#8243; _module_preset=\u00bbdefault\u00bb global_colors_info=\u00bb{}\u00bb][\/et_pb_image][et_pb_text _builder_version=\u00bb4.19.4&#8243; _module_preset=\u00bbdefault\u00bb global_colors_info=\u00bb{}\u00bb]<\/p>\n<ul>\n<li><strong>LX. edizioan Kenenisa Bekele, hiru aldiz munduko txapeldun izandakoa<\/strong>, ikusteko aukera izan genuen. Bekelek, estreinakoz, Elgoibarren egin zuen korrika estatu espainiarrean. Edizio hartako irabazle izan zen, zalantzarik gabe; eta oso pozik geratu zen Elgoibarko herriak egin zion harrerarekin.<\/li>\n<li><strong>2004 urtean, Chebbi atleta kenyar ezagunak harri eta zur utzi gintuen, lasterketa hau hirugarrenez irabazi baitzuen<\/strong>. Chebbiren esanetan, bere ametsik handiena lasterketa laugarren aldiz irabaztea eta Mammo Wolderen eta Mariano Haroren parean jartzea izango litzateke.<\/li>\n<li>1989 urtean, <strong>Antonio Serrano izan zen nazio mailako krosaren azken irabazlea<\/strong>.<\/li>\n<li><strong>1979. urtean Mike McLeod ingelesak krosa irabazi zuen, 25 urte beranduago, Ryan McLeok-k semea junior mailako txapelduna izan zen<\/strong> Ingalaterrako federazioarekin etorri zenean.<\/li>\n<li><strong>Wude eta Hiwot Ayalew ahizpak<\/strong> 2012 eta 2014. urteko irabazleak dira hurrenez hurren. Gainera Hiwot-ek 2012an bere ahizparekin batera igo zen podiumenera bigarrena sailkatu zelarik.<\/li>\n<li>2015. urteko krosean bi herrialde berri palmarean gehitu dira <strong>Eritrea<\/strong> Teklemarian Medhin-ekin eta <strong>Bahrein<\/strong> Mimi Belete-rekin..<\/li>\n<li>Herriko<strong> 150 bolundres<\/strong> antolakuntzan laguntzen dute (soziedadek, klubak, partikularrak, elkarteak\u2026).<\/li>\n<li>Guztira<strong> 46 herrialde<\/strong> partaidetza izan dute krosaren istorioan.<\/li>\n<li><strong>Garaipen gabeko<\/strong> atleta garrantzitsuenak hauek dira:<br \/><strong>Gizonezkoetan: <\/strong>Abebe Bikila, Haile Gebrselassie, Ibrahim Jeilan Gashu, Imane Merga,<br \/>Tamirat Tola, Ron Hill, Mike Tagg, Tim Hutchings, Moses Tanui, Ismael Kirui, \u00a0Antonio<br \/>Leitao, Antonio Pinto, Domingos Castro, Mohammed Gammoudi, Serhiy Lebid,<br \/>Francisco Aritmendi, Jos\u00e9 Luis Gonz\u00e1lez, Jos\u00e9 Manuel Abascal, Mart\u00edn Fiz, Abel Ant\u00f3n,<br \/>Reyes Est\u00e9vez, Juan Carlos Higuero, Juan Carlos de la Ossa, Chema Martinez\u2026<br \/><strong>Emakumezkoetan: <\/strong> Birhane Adere, Ayelech Worku, Worknesh Kidane, Meselech Melkamu, Linet<br \/>Masai, Mercy Cherono, Zahra Ouaziz, Albertina Dias..<a href=\"http:\/\/mintxeta.com\/juan-muguerza-2019\/eu\/pdf\/articulo-andrade.pdf\" target=\"_blank\" rel=\"noopener\">tu(*pdf)<\/a><\/li>\n<\/ul>\n<p>&nbsp;<\/p>\n<p>[\/et_pb_text][et_pb_image src=\u00bbhttps:\/\/mintxeta.com\/wp-content\/uploads\/2022\/11\/mintxeta-2010.jpg\u00bb title_text=\u00bbmintxeta-2010&#8243; _builder_version=\u00bb4.19.0&#8243; _module_preset=\u00bbdefault\u00bb global_colors_info=\u00bb{}\u00bb][\/et_pb_image][et_pb_text _builder_version=\u00bb4.19.0&#8243; _module_preset=\u00bbdefault\u00bb custom_margin=\u00bb||0px||false|false\u00bb custom_padding=\u00bb||0px||false|false\u00bb global_colors_info=\u00bb{}\u00bb]<\/p>\n<p>&nbsp;<\/p>\n<ul>\n<li>\u00ab2018ko irailean Joao Sequeira Andrade kazetari portugesak, Elgoibarren izandako bizikerak deskribatzen duen artikulua. Gure krosa maitatzen zuen pertsona zen Andrade eta ohiko zen bere gabardina bereziarekin Txarridunan ikustea. Beti adikor, eskuzabaltasun eta ixila, inoiz ez zuen ezer eskatzen, krosaren ikuskizunez eta urteroko zitaz disfrutatu. Hemendik gure omenalditxoa\u00bb:<\/li>\n<\/ul>\n<p>[\/et_pb_text][et_pb_text _builder_version=\u00bb4.19.4&#8243; _module_preset=\u00bbdefault\u00bb custom_margin=\u00bb0px||||false|false\u00bb custom_padding=\u00bb0px||||false|false\u00bb global_colors_info=\u00bb{}\u00bb]<a style=\"color: black;\" href=\"http:\/\/mintxeta.com\/juan-muguerza-2019\/es\/pdf\/articulo-andrade.pdf\" target=\"_blank\" rel=\"noopener\">Deskargatu fitxategia(*pdf)<\/a>[\/et_pb_text][et_pb_text content_tablet=\u00bb<\/p>\n<ul>\n<li><strong>18 herrialdetako atletak<\/strong> izan dira garaile.<\/li>\n<li>Emakumezkoen proba absolutuaren aro modernoan, <strong>Hellen Obiri<\/strong> handia bakarrik izan da gai 2019 eta 2020an garaipena errepikatzeko.<\/li>\n<li>2015ean <strong>Joshua Cheptegei<\/strong> hirugarren sailkatu zen azken itzulian eroriko bat izan ondoren, 2017an itzuli zen irabazi eta historia egiteko. Ondoren, Olinpiar eta Munduko txapelduna izan da.<\/li>\n<li><strong>2020ko Tokyoko Olinpiar Jokoetako 10.000 metroko proba<\/strong>n, podiuma Elgoibarrekin beti lotuta egongo diren hiru atletek bete zuten (<strong>Urrea Barega, Zilarra Cheptegei eta Brontzea Kiplimo<\/strong>).<\/li>\n<li>2023an, Eritrea emakumezkoen palmaresean estreinatu zen <strong>Rahel Daniel<\/strong>-engaraipenarekin.<\/li>\n<\/ul>\n<p>\u00bb content_phone=\u00bb<\/p>\n<ul>\n<li><strong>18 herrialdetako atletak<\/strong> izan dira garaile.<\/li>\n<li>Emakumezkoen proba absolutuaren aro modernoan, <strong>Hellen Obiri<\/strong> handia bakarrik izan da gai 2019 eta 2020an garaipena errepikatzeko.<\/li>\n<li>2015ean <strong>Joshua Cheptegei<\/strong> hirugarren sailkatu zen azken itzulian eroriko bat izan ondoren, 2017an itzuli zen irabazi eta historia egiteko. Ondoren, Olinpiar eta Munduko txapelduna izan da.<\/li>\n<li><strong>2020ko Tokyoko Olinpiar Jokoetako 10.000 metroko proba<\/strong>n, podiuma Elgoibarrekin beti lotuta egongo diren hiru atletek bete zuten (<strong>Urrea Barega, Zilarra Cheptegei eta Brontzea Kiplimo<\/strong>).<\/li>\n<li>2023an, Eritrea emakumezkoen palmaresean estreinatu zen <strong>Rahel Daniel<\/strong>-engaraipenarekin.<\/li>\n<\/ul>\n<p>\u00bb content_last_edited=\u00bbon|phone\u00bb _builder_version=\u00bb4.23&#8243; _module_preset=\u00bbdefault\u00bb custom_margin=\u00bb0px||||false|false\u00bb custom_padding=\u00bb0px||||false|false\u00bb global_colors_info=\u00bb{}\u00bb]<\/p>\n<ul>\n<li><strong>18 herrialdetako atletak<\/strong> izan dira garaile.<\/li>\n<li>Emakumezkoen proba absolutuaren aro modernoan, <strong>Hellen Obiri<\/strong> handia bakarrik izan da gai 2019 eta 2020an garaipena errepikatzeko.<\/li>\n<li>2015ean <strong>Joshua Cheptegei<\/strong> hirugarren sailkatu zen azken itzulian eroriko bat izan ondoren, 2017an itzuli zen irabazi eta historia egiteko. Ondoren, Olinpiar eta Munduko txapelduna izan da.<\/li>\n<li><strong>2020ko Tokyoko Olinpiar Jokoetako 10.000 metroko proba<\/strong>n, podiuma Elgoibarrekin beti lotuta egongo diren hiru atletek bete zuten (<strong>Urrea Barega, Zilarra Cheptegei eta Brontzea Kiplimo<\/strong>).<\/li>\n<li>2023an, Eritrea emakumezkoen palmaresean estreinatu zen <strong>Rahel Daniel<\/strong>-engaraipenarekin.<\/li>\n<\/ul>\n<p>[\/et_pb_text][\/et_pb_column][\/et_pb_row][et_pb_row column_structure=\u00bb1_2,1_2&#8243; _builder_version=\u00bb4.19.1&#8243; _module_preset=\u00bbdefault\u00bb custom_margin=\u00bb0px||0px||false|false\u00bb custom_padding=\u00bb0px||0px||false|false\u00bb global_colors_info=\u00bb{}\u00bb][et_pb_column type=\u00bb1_2&#8243; _builder_version=\u00bb4.19.1&#8243; _module_preset=\u00bbdefault\u00bb global_colors_info=\u00bb{}\u00bb][et_pb_image src=\u00bbhttps:\/\/mintxeta.com\/wp-content\/uploads\/2022\/11\/cheptegei.jpg\u00bb title_text=\u00bbcheptegei\u00bb _builder_version=\u00bb4.19.1&#8243; _module_preset=\u00bbdefault\u00bb global_colors_info=\u00bb{}\u00bb][\/et_pb_image][\/et_pb_column][et_pb_column type=\u00bb1_2&#8243; _builder_version=\u00bb4.19.1&#8243; _module_preset=\u00bbdefault\u00bb global_colors_info=\u00bb{}\u00bb][et_pb_image src=\u00bbhttps:\/\/mintxeta.com\/wp-content\/uploads\/2022\/11\/2Z6A7967-2-scaled.jpg\u00bb title_text=\u00bb2Z6A7967-2&#8243; _builder_version=\u00bb4.19.1&#8243; _module_preset=\u00bbdefault\u00bb global_colors_info=\u00bb{}\u00bb][\/et_pb_image][\/et_pb_column][\/et_pb_row][et_pb_row _builder_version=\u00bb4.27.4&#8243; _module_preset=\u00bbdefault\u00bb locked=\u00bboff\u00bb][et_pb_column _builder_version=\u00bb4.27.4&#8243; _module_preset=\u00bbdefault\u00bb type=\u00bb4_4&#8243;][et_pb_text content_tablet=\u00bb<\/p>\n<ul>\n<li>Pariseko 2024ko Olinpiar Jokoetan, Beatrice Chebetek (Kenya) 5.000 eta 10.000 metroko lasterketetan garaipen historikoa lortu du, 2024ko urtarrilean Elgoibarren irabazi ondoren.<\/li>\n<\/ul>\n<p>\u00bb content_phone=\u00bb<\/p>\n<ul>\n<li>Pariseko 2024ko Olinpiar Jokoetan, Beatrice Chebetek (Kenya) 5.000 eta 10.000 metroko lasterketetan garaipen historikoa lortu du, 2024ko urtarrilean Elgoibarren irabazi ondoren.<\/li>\n<\/ul>\n<p>\u00bb content_last_edited=\u00bbon|phone\u00bb _builder_version=\u00bb4.27.4&#8243; _module_preset=\u00bbdefault\u00bb custom_margin=\u00bb||0px||false|false\u00bb custom_padding=\u00bb||0px||false|false\u00bb hover_enabled=\u00bb0&#8243; global_colors_info=\u00bb{}\u00bb sticky_enabled=\u00bb0&#8243;]<\/p>\n<ul>\n<li>Pariseko 2024ko Olinpiar Jokoetan, Beatrice Chebetek (Kenya) 5.000 eta 10.000 metroko lasterketetan garaipen historikoa lortu du, 2024ko urtarrilean Elgoibarren irabazi ondoren.<\/li>\n<\/ul>\n<p>[\/et_pb_text][et_pb_image _builder_version=\u00bb4.27.4&#8243; _module_preset=\u00bbdefault\u00bb alt=\u00bb80. nazioarteko Muguerza krosa\u00bb title_text=\u00bb80. nazioarteko Muguerza krosa\u00bb src=\u00bbhttps:\/\/mintxeta.com\/wp-content\/uploads\/2024\/11\/ganadora-2024-scaled.jpg\u00bb hover_enabled=\u00bb0&#8243; sticky_enabled=\u00bb0&#8243;][\/et_pb_image][\/et_pb_column][\/et_pb_row][\/et_pb_section]<\/p>\n","protected":false},"excerpt":{"rendered":"<p>BITXIKERIAK Jordi Garcia y Fernando Cerrada dira proba hau Junior eta Senior mailetan irabazi duten bakarrak. Mart\u00edn Fiz-ek, 1982 urtetik aurrera, 15 ediziotan parte hartu izan du. Kros honetan, 30 herrialdetatik gorako atletek parte hartuizan dute. Nazioarteko lehenengo edizioetan atletek \u201cjenerotan\u201d kobratzen zuten (eskopetak, josteko makinak, erlojuak, telebistak\u2026). Mariano Haro y Bel\u00e9n Azpeitia izan dira, [&hellip;]<\/p>\n","protected":false},"author":1,"featured_media":0,"parent":0,"menu_order":0,"comment_status":"closed","ping_status":"closed","template":"","meta":{"_et_pb_use_builder":"on","_et_pb_old_content":"","_et_gb_content_width":"","footnotes":""},"class_list":["post-727","page","type-page","status-publish","hentry"],"_links":{"self":[{"href":"https:\/\/mintxeta.com\/index.php\/wp-json\/wp\/v2\/pages\/727","targetHints":{"allow":["GET"]}}],"collection":[{"href":"https:\/\/mintxeta.com\/index.php\/wp-json\/wp\/v2\/pages"}],"about":[{"href":"https:\/\/mintxeta.com\/index.php\/wp-json\/wp\/v2\/types\/page"}],"author":[{"embeddable":true,"href":"https:\/\/mintxeta.com\/index.php\/wp-json\/wp\/v2\/users\/1"}],"replies":[{"embeddable":true,"href":"https:\/\/mintxeta.com\/index.php\/wp-json\/wp\/v2\/comments?post=727"}],"version-history":[{"count":10,"href":"https:\/\/mintxeta.com\/index.php\/wp-json\/wp\/v2\/pages\/727\/revisions"}],"predecessor-version":[{"id":1723,"href":"https:\/\/mintxeta.com\/index.php\/wp-json\/wp\/v2\/pages\/727\/revisions\/1723"}],"wp:attachment":[{"href":"https:\/\/mintxeta.com\/index.php\/wp-json\/wp\/v2\/media?parent=727"}],"curies":[{"name":"wp","href":"https:\/\/api.w.org\/{rel}","templated":true}]}}