{"id":613,"date":"2022-12-06T13:29:44","date_gmt":"2022-12-06T13:29:44","guid":{"rendered":"https:\/\/mintxeta.com\/?page_id=613"},"modified":"2022-12-06T13:35:49","modified_gmt":"2022-12-06T13:35:49","slug":"hazte-voluntari","status":"publish","type":"page","link":"https:\/\/mintxeta.com\/index.php\/hazte-voluntari\/","title":{"rendered":"HAZTE VOLUNTARI@"},"content":{"rendered":"<p>[et_pb_section fb_built=\u00bb1&#8243; _builder_version=\u00bb4.19.2&#8243; _module_preset=\u00bbdefault\u00bb custom_padding=\u00bb||0px||false|false\u00bb hover_enabled=\u00bb0&#8243; global_colors_info=\u00bb{}\u00bb min_height=\u00bb483.2px\u00bb sticky_enabled=\u00bb0&#8243; custom_margin=\u00bb||0px||false|false\u00bb][et_pb_row column_structure=\u00bb1_4,3_4&#8243; _builder_version=\u00bb4.19.2&#8243; _module_preset=\u00bbdefault\u00bb hover_enabled=\u00bb0&#8243; global_colors_info=\u00bb{}\u00bb custom_margin=\u00bb||0px||false|false\u00bb custom_padding=\u00bb||0px||false|false\u00bb sticky_enabled=\u00bb0&#8243;][et_pb_column type=\u00bb1_4&#8243; _builder_version=\u00bb4.19.2&#8243; _module_preset=\u00bbdefault\u00bb global_colors_info=\u00bb{}\u00bb][et_pb_image src=\u00bbhttps:\/\/mintxeta.com\/wp-content\/uploads\/2022\/12\/IMG_8665.jpg\u00bb title_text=\u00bbIMG_8665&#8243; _builder_version=\u00bb4.19.2&#8243; _module_preset=\u00bbdefault\u00bb global_colors_info=\u00bb{}\u00bb][\/et_pb_image][\/et_pb_column][et_pb_column type=\u00bb3_4&#8243; _builder_version=\u00bb4.19.2&#8243; _module_preset=\u00bbdefault\u00bb global_colors_info=\u00bb{}\u00bb][et_pb_text _builder_version=\u00bb4.19.2&#8243; _module_preset=\u00bbdefault\u00bb hover_enabled=\u00bb0&#8243; global_colors_info=\u00bb{}\u00bb sticky_enabled=\u00bb0&#8243;]<\/p>\n<h1>HAZTE VOLUNTARI@<\/h1>\n<h5>\u00bfQuieres formar parte de nuestro voluntariado? <\/h5>\n<p>Si te gusta el deporte y el atletismo en particular, puedes integrarte en nuestro equipo y colaborar con un evento \u00fanico en Euskadi.<\/p>\n<h5>Quieres continuar con el legado?<\/h5>\n<p>Son casi 80 a\u00f1os de cross que el pueblo de Elgoibar ha colaborado para que este gran evento, consiga las metas m\u00e1s altas a nivel mundial. Si te apetece m\u00e1ndanos un mail a mintxeta@mintxeta.com y te daremos m\u00e1s detalles de c\u00f3mo puedes colaborar.<\/p>\n<p>[\/et_pb_text][\/et_pb_column][\/et_pb_row][\/et_pb_section][et_pb_section fb_built=\u00bb1&#8243; _builder_version=\u00bb4.19.2&#8243; _module_preset=\u00bbdefault\u00bb hover_enabled=\u00bb0&#8243; global_colors_info=\u00bb{}\u00bb custom_margin=\u00bb0px||0px||false|false\u00bb custom_padding=\u00bb0px||0px||false|false\u00bb sticky_enabled=\u00bb0&#8243;][et_pb_row column_structure=\u00bb1_2,1_2&#8243; _builder_version=\u00bb4.19.2&#8243; _module_preset=\u00bbdefault\u00bb global_colors_info=\u00bb{}\u00bb][et_pb_column type=\u00bb1_2&#8243; _builder_version=\u00bb4.19.2&#8243; _module_preset=\u00bbdefault\u00bb global_colors_info=\u00bb{}\u00bb][et_pb_image src=\u00bbhttps:\/\/mintxeta.com\/wp-content\/uploads\/2022\/12\/IMG_8782.jpg\u00bb title_text=\u00bbIMG_8782&#8243; _builder_version=\u00bb4.19.2&#8243; _module_preset=\u00bbdefault\u00bb global_colors_info=\u00bb{}\u00bb][\/et_pb_image][\/et_pb_column][et_pb_column type=\u00bb1_2&#8243; _builder_version=\u00bb4.19.2&#8243; _module_preset=\u00bbdefault\u00bb global_colors_info=\u00bb{}\u00bb][et_pb_image src=\u00bbhttps:\/\/mintxeta.com\/wp-content\/uploads\/2022\/12\/IMG-2895.jpg\u00bb title_text=\u00bbIMG-2895&#8243; _builder_version=\u00bb4.19.2&#8243; _module_preset=\u00bbdefault\u00bb global_colors_info=\u00bb{}\u00bb][\/et_pb_image][\/et_pb_column][\/et_pb_row][\/et_pb_section]<\/p>\n","protected":false},"excerpt":{"rendered":"<p>HAZTE VOLUNTARI@ \u00bfQuieres formar parte de nuestro voluntariado? Si te gusta el deporte y el atletismo en particular, puedes integrarte en nuestro equipo y colaborar con un evento \u00fanico en Euskadi.Quieres continuar con el legado?Son casi 80 a\u00f1os de cross que el pueblo de Elgoibar ha colaborado para que este gran evento, consiga las metas [&hellip;]<\/p>\n","protected":false},"author":1,"featured_media":0,"parent":0,"menu_order":0,"comment_status":"closed","ping_status":"closed","template":"","meta":{"_et_pb_use_builder":"on","_et_pb_old_content":"","_et_gb_content_width":"","footnotes":""},"class_list":["post-613","page","type-page","status-publish","hentry"],"_links":{"self":[{"href":"https:\/\/mintxeta.com\/index.php\/wp-json\/wp\/v2\/pages\/613","targetHints":{"allow":["GET"]}}],"collection":[{"href":"https:\/\/mintxeta.com\/index.php\/wp-json\/wp\/v2\/pages"}],"about":[{"href":"https:\/\/mintxeta.com\/index.php\/wp-json\/wp\/v2\/types\/page"}],"author":[{"embeddable":true,"href":"https:\/\/mintxeta.com\/index.php\/wp-json\/wp\/v2\/users\/1"}],"replies":[{"embeddable":true,"href":"https:\/\/mintxeta.com\/index.php\/wp-json\/wp\/v2\/comments?post=613"}],"version-history":[{"count":7,"href":"https:\/\/mintxeta.com\/index.php\/wp-json\/wp\/v2\/pages\/613\/revisions"}],"predecessor-version":[{"id":625,"href":"https:\/\/mintxeta.com\/index.php\/wp-json\/wp\/v2\/pages\/613\/revisions\/625"}],"wp:attachment":[{"href":"https:\/\/mintxeta.com\/index.php\/wp-json\/wp\/v2\/media?parent=613"}],"curies":[{"name":"wp","href":"https:\/\/api.w.org\/{rel}","templated":true}]}}