{"id":412,"date":"2022-11-15T19:25:11","date_gmt":"2022-11-15T19:25:11","guid":{"rendered":"https:\/\/mintxeta.com\/?page_id=412"},"modified":"2025-10-23T13:18:42","modified_gmt":"2025-10-23T13:18:42","slug":"historia","status":"publish","type":"page","link":"https:\/\/mintxeta.com\/index.php\/historia\/","title":{"rendered":"HISTORIA"},"content":{"rendered":"<p>[et_pb_section fb_built=\u00bb1&#8243; fullwidth=\u00bbon\u00bb _builder_version=\u00bb4.19.0&#8243; _module_preset=\u00bbdefault\u00bb global_colors_info=\u00bb{}\u00bb][et_pb_fullwidth_image src=\u00bbhttps:\/\/mintxeta.com\/wp-content\/uploads\/2022\/11\/historia.jpg\u00bb title_text=\u00bbhistoria\u00bb _builder_version=\u00bb4.19.0&#8243; _module_preset=\u00bbdefault\u00bb global_colors_info=\u00bb{}\u00bb][\/et_pb_fullwidth_image][\/et_pb_section][et_pb_section fb_built=\u00bb1&#8243; _builder_version=\u00bb4.19.0&#8243; _module_preset=\u00bbdefault\u00bb global_colors_info=\u00bb{}\u00bb][et_pb_row _builder_version=\u00bb4.19.0&#8243; _module_preset=\u00bbdefault\u00bb global_colors_info=\u00bb{}\u00bb][et_pb_column type=\u00bb4_4&#8243; _builder_version=\u00bb4.19.0&#8243; _module_preset=\u00bbdefault\u00bb global_colors_info=\u00bb{}\u00bb][et_pb_text _builder_version=\u00bb4.19.0&#8243; _module_preset=\u00bbdefault\u00bb text_font=\u00bbMontserrat||||||||\u00bb global_colors_info=\u00bb{}\u00bb]<\/p>\n<h1 style=\"font-weight: bold;\">HISTORIA<\/h1>\n<p>[\/et_pb_text][et_pb_text _builder_version=\u00bb4.19.0&#8243; _module_preset=\u00bbdefault\u00bb global_colors_info=\u00bb{}\u00bb]<\/p>\n<p><strong>En 1943,<\/strong> fue un peque\u00f1o grupo de aficionados al atletismo, entonces involucrados en el Club Deportivo Elgoibar, los que impulsaron el nacimiento del Cross Memorial Juan Muguerza en homenaje al excelente atleta de mediofondo, fondo y cross que alcanz\u00f3 la internacionalidad junto a otro ilustre elgoibartarra, Ignacio Izaguirre.<\/p>\n<p><strong>\u2028\u2028Juan Muguerza Sasieta<\/strong> naci\u00f3 en Elgoibar (Gipuzkoa) el 6 de Mayo de 1.900, y falleci\u00f3 en un bombardeo cerca de Mung\u00eda en 1.937. Con 17 a\u00f1os, se proclam\u00f3 Campe\u00f3n de Espa\u00f1a de 1.500 y 5.000 m. manteniendo ambos t\u00edtulos hasta 1.922, a\u00f1o en el que tuvo que ir a la Guerra de Africa. Tambi\u00e9n obtuvo el Campeonato de Espa\u00f1a en 800, 110 m. vallas y form\u00f3 parte del equipo de relevos de Gipuzkoa que result\u00f3 Campe\u00f3n de Espa\u00f1a. En 1.921 obtuvo 4 t\u00edtulos en los Campeonatos de Espa\u00f1a celebrados en Galicia y ese mismo a\u00f1o, otro elgoibarr\u00e9s, Ignacio Izaguirre, obten\u00eda otros 4 t\u00edtulos nacionales (salto de longitud sin carrera, peso, disco y jabalina).\u2028\u2028Durante los primeros a\u00f1os, la prueba, ten\u00eda car\u00e1cter regional y las 7 primeras ediciones se celebraron durante las fiestas de San Bartolom\u00e9, en agosto, siendo su recorrido por los montes cercanos a Elgoibar, una especie de vuelta pedestre por sendas entre caser\u00edos.<\/p>\n<p><span>Durante los primeros a\u00f1os, la prueba, ten\u00eda car\u00e1cter regional y las 7 primeras ediciones se celebraron durante las fiestas de San Bartolom\u00e9, en agosto, siendo su recorrido por los montes cercanos a Elgoibar, una especie de vuelta pedestre por sendas entre caser\u00edos.<\/span><\/p>\n<p>[\/et_pb_text][et_pb_image src=\u00bbhttps:\/\/mintxeta.com\/wp-content\/uploads\/2022\/11\/campo-lerun.jpg\u00bb title_text=\u00bbcampo-lerun\u00bb _builder_version=\u00bb4.19.0&#8243; _module_preset=\u00bbdefault\u00bb global_colors_info=\u00bb{}\u00bb][\/et_pb_image][et_pb_text _builder_version=\u00bb4.19.0&#8243; _module_preset=\u00bbdefault\u00bb global_colors_info=\u00bb{}\u00bb]<\/p>\n<p><span>Al comienzo de la d\u00e9cada de los cincuenta, <\/span><strong>la prueba pasa a celebrarse el mes de enero en el campo de f\u00fatbol de Ler\u00fan y sus inmediaciones<\/strong><span>, donde se celebrar\u00e1n las carreras hasta 1.992. P\u00e1ginas brillantes de la historia crosista se escribieron en un circuito terriblemente duro, criticado y entra\u00f1able. <\/span><\/p>\n<p><strong>Desde 1.963<\/strong><span>, la organizaci\u00f3n corre a cargo de la <\/span><strong>Sociedad Atl\u00e9tica Egotoki<\/strong><span>, siendo entonces cuando adquiere car\u00e1cter internacional. Wolde, Stewart, Haro, Kuha, Batty, Fowler, Mc.Leod, Lopes, Jones, Ngugi, &#8230; La Sociedad Egotoki era el centro de encuentro la v\u00edspera de las carreras, cuyos locales sociales se inauguraron en 1.958, y en ellos vive la mascota de la sociedad, el loro Anbolo, hoy en d\u00eda con m\u00e1s de 35 a\u00f1os de vida de impertinencia y compa\u00f1\u00eda de los contertulios.<\/span><\/p>\n<p><strong>En 1.981<\/strong><span>, con todos los corredores ya en Elgoibar, <\/span><strong>la prueba debi\u00f3 ser suspendida<\/strong><span> a causa del temporal de nieve.<\/span><\/p>\n<p><span>Campeones ol\u00edmpicos, mundiales y europeos han paseado y firmado aut\u00f3grafos en las estrechas y h\u00famedas calles de la localidad.<\/span><\/p>\n<p>[\/et_pb_text][et_pb_image src=\u00bbhttps:\/\/mintxeta.com\/wp-content\/uploads\/2022\/11\/egotoki-2.jpg\u00bb title_text=\u00bbegotoki-2&#8243; _builder_version=\u00bb4.19.0&#8243; _module_preset=\u00bbdefault\u00bb global_colors_info=\u00bb{}\u00bb][\/et_pb_image][et_pb_text _builder_version=\u00bb4.19.0&#8243; _module_preset=\u00bbdefault\u00bb global_colors_info=\u00bb{}\u00bb]<\/p>\n<p><strong>En la actualidad, y ya desde el a\u00f1o 1.993 el cross,<\/strong><span> que ya ha cumplido su cincuenta y ocho edici\u00f3n, se celebra en la <\/span><strong>zona deportiva de Mintxeta.<\/strong><\/p>\n<p><span>El Gobierno Vasco entreg\u00f3 a esta sociedad una importante distinci\u00f3n con motivo del cincuentenario del cross.<\/span><\/p>\n<p><span>La LVIII edici\u00f3n fu\u00e9 la \u00faltima organizada por la Sociedad Atl\u00e9tica EGOTOKI, pasando el relevo a MINTXETA ATLETISMO TALDEA, junto al Patronato de deportes y al Ilmo. Ayuntamiento de Elgoibar.<\/span><\/p>\n<p><span>Habiendo pasado el relevo al MINTXETA ATLETISMO TALDEA tuvimos una grata satisfacci\u00f3n al recibir en el a\u00f1o <\/span><strong>2003 la Diputacion Foral de Gipuzkoa otorg\u00f3 el trofeo Rufino Gorrotxategi<\/strong><span> por la organizaci\u00f3n del Cross Juan Muguerza como mejor evento deportivo del a\u00f1o.<\/span><\/p>\n<p>[\/et_pb_text][et_pb_image src=\u00bbhttps:\/\/mintxeta.com\/wp-content\/uploads\/2022\/11\/mintxeta-2010.jpg\u00bb title_text=\u00bbmintxeta-2010&#8243; _builder_version=\u00bb4.19.0&#8243; _module_preset=\u00bbdefault\u00bb global_colors_info=\u00bb{}\u00bb][\/et_pb_image][et_pb_text _builder_version=\u00bb4.19.0&#8243; _module_preset=\u00bbdefault\u00bb global_colors_info=\u00bb{}\u00bb]<\/p>\n<p><span>En la edici\u00f3n del a\u00f1o <\/span><strong>2012 nuestro cross estrena la categor\u00eda EAA de la European Athletics Association<\/strong><span>, lo que significa ser el 4\u00ba mejor cross del calendario nacional de la Real Federaci\u00f3n Espa\u00f1ola de Atletismo.<\/span><\/p>\n<p><span>La edici\u00f3n del a\u00f1o<\/span><strong> 2015 y por primera vez en su historia, nuestro cross estar\u00e1 dentro del calendario oficial de la International Association of Athletics Federations (IAAF),<\/strong><span> m\u00e1xima distinci\u00f3n a la que puede optar un cross a nivel mundial.<\/span><\/p>\n<p>[\/et_pb_text][\/et_pb_column][\/et_pb_row][et_pb_row column_structure=\u00bb1_3,1_3,1_3&#8243; _builder_version=\u00bb4.19.0&#8243; _module_preset=\u00bbdefault\u00bb global_colors_info=\u00bb{}\u00bb][et_pb_column type=\u00bb1_3&#8243; _builder_version=\u00bb4.19.0&#8243; _module_preset=\u00bbdefault\u00bb global_colors_info=\u00bb{}\u00bb][et_pb_image src=\u00bbhttps:\/\/mintxeta.com\/wp-content\/uploads\/2022\/11\/logo-club-deportivo-elgoibar.png\u00bb title_text=\u00bblogo-club-deportivo-elgoibar\u00bb _builder_version=\u00bb4.19.0&#8243; _module_preset=\u00bbdefault\u00bb custom_margin=\u00bb||0px||false|false\u00bb custom_padding=\u00bb||0px||false|false\u00bb global_colors_info=\u00bb{}\u00bb][\/et_pb_image][et_pb_text _builder_version=\u00bb4.19.0&#8243; _module_preset=\u00bbdefault\u00bb custom_margin=\u00bb0px||||false|false\u00bb custom_padding=\u00bb0px||||false|false\u00bb global_colors_info=\u00bb{}\u00bb]<\/p>\n<p style=\"text-align: center;\"><span>Club Deportivo Elgoibar (Durante 1943-1963 fue organizador del Cross Juan Muguerza).<\/span><\/p>\n<p>[\/et_pb_text][\/et_pb_column][et_pb_column type=\u00bb1_3&#8243; _builder_version=\u00bb4.19.0&#8243; _module_preset=\u00bbdefault\u00bb global_colors_info=\u00bb{}\u00bb][et_pb_image src=\u00bbhttps:\/\/mintxeta.com\/wp-content\/uploads\/2022\/11\/logo-sociedad-atletica-egotoki.png\u00bb title_text=\u00bblogo-sociedad-atletica-egotoki\u00bb _builder_version=\u00bb4.19.0&#8243; _module_preset=\u00bbdefault\u00bb custom_margin=\u00bb||0px||false|false\u00bb custom_padding=\u00bb||0px||false|false\u00bb global_colors_info=\u00bb{}\u00bb][\/et_pb_image][et_pb_text _builder_version=\u00bb4.19.0&#8243; _module_preset=\u00bbdefault\u00bb custom_margin=\u00bb0px||||false|false\u00bb custom_padding=\u00bb0px||||false|false\u00bb global_colors_info=\u00bb{}\u00bb]<\/p>\n<p style=\"text-align: center;\"><span>Sociedad Atl\u00e9tica Egotoki (Durante 1963 y hasta la LVIII edici\u00f3n fue organizador del Cross Juan Muguerza).<\/span><\/p>\n<p>[\/et_pb_text][\/et_pb_column][et_pb_column type=\u00bb1_3&#8243; _builder_version=\u00bb4.19.0&#8243; _module_preset=\u00bbdefault\u00bb global_colors_info=\u00bb{}\u00bb][et_pb_image src=\u00bbhttps:\/\/mintxeta.com\/wp-content\/uploads\/2022\/11\/logo-mintxeta-atletismo-taldea.png\u00bb title_text=\u00bblogo-mintxeta-atletismo-taldea\u00bb _builder_version=\u00bb4.19.0&#8243; _module_preset=\u00bbdefault\u00bb custom_margin=\u00bb||0px||false|false\u00bb custom_padding=\u00bb||0px||false|false\u00bb global_colors_info=\u00bb{}\u00bb][\/et_pb_image][et_pb_text _builder_version=\u00bb4.19.0&#8243; _module_preset=\u00bbdefault\u00bb custom_margin=\u00bb0px||||false|false\u00bb custom_padding=\u00bb0px||||false|false\u00bb global_colors_info=\u00bb{}\u00bb]<\/p>\n<p style=\"text-align: center;\"><span>Mintxeta Atletismo Taldea (En la actualidad y desde la edici\u00f3n LIX organizador del Cross Juan Muguerza).<\/span><\/p>\n<p>[\/et_pb_text][\/et_pb_column][\/et_pb_row][et_pb_row column_structure=\u00bb1_4,3_4&#8243; _builder_version=\u00bb4.19.1&#8243; _module_preset=\u00bbdefault\u00bb global_colors_info=\u00bb{}\u00bb][et_pb_column type=\u00bb1_4&#8243; _builder_version=\u00bb4.19.1&#8243; _module_preset=\u00bbdefault\u00bb global_colors_info=\u00bb{}\u00bb][et_pb_image src=\u00bbhttps:\/\/mintxeta.com\/wp-content\/uploads\/2022\/11\/WA_The_World_Cross_Country_Tour_Gold_CMYK.png\u00bb title_text=\u00bbWA_The_World_Cross_Country_Tour_Gold_CMYK\u00bb _builder_version=\u00bb4.19.1&#8243; _module_preset=\u00bbdefault\u00bb global_colors_info=\u00bb{}\u00bb][\/et_pb_image][\/et_pb_column][et_pb_column type=\u00bb3_4&#8243; _builder_version=\u00bb4.19.1&#8243; _module_preset=\u00bbdefault\u00bb global_colors_info=\u00bb{}\u00bb][et_pb_text _builder_version=\u00bb4.19.1&#8243; _module_preset=\u00bbdefault\u00bb global_colors_info=\u00bb{}\u00bb]<\/p>\n<p><strong>Desde 2020 la World Athletics (antigua IAAF)<\/strong> cre\u00f3 una nueva liga de crosses y denomin\u00f3 a Elgoibar en la m\u00e1xima categor\u00eda. A partir de ese momento se crea la etiqueta <strong>World Cross Country Gold Tour (categor\u00eda ORO).<\/strong><\/p>\n<p>[\/et_pb_text][\/et_pb_column][\/et_pb_row][et_pb_row column_structure=\u00bb1_2,1_2&#8243; _builder_version=\u00bb4.19.1&#8243; _module_preset=\u00bbdefault\u00bb global_colors_info=\u00bb{}\u00bb][et_pb_column type=\u00bb1_2&#8243; _builder_version=\u00bb4.19.1&#8243; _module_preset=\u00bbdefault\u00bb global_colors_info=\u00bb{}\u00bb][et_pb_image src=\u00bbhttps:\/\/mintxeta.com\/wp-content\/uploads\/2022\/11\/recorte-prensa.jpg\u00bb title_text=\u00bbrecorte prensa\u00bb _builder_version=\u00bb4.19.1&#8243; _module_preset=\u00bbdefault\u00bb global_colors_info=\u00bb{}\u00bb][\/et_pb_image][\/et_pb_column][et_pb_column type=\u00bb1_2&#8243; _builder_version=\u00bb4.19.1&#8243; _module_preset=\u00bbdefault\u00bb global_colors_info=\u00bb{}\u00bb][et_pb_image src=\u00bbhttps:\/\/mintxeta.com\/wp-content\/uploads\/2022\/11\/recorte-prensa2.jpg\u00bb title_text=\u00bbrecorte prensa2&#8243; _builder_version=\u00bb4.19.1&#8243; _module_preset=\u00bbdefault\u00bb global_colors_info=\u00bb{}\u00bb][\/et_pb_image][\/et_pb_column][\/et_pb_row][et_pb_row _builder_version=\u00bb4.19.1&#8243; _module_preset=\u00bbdefault\u00bb global_colors_info=\u00bb{}\u00bb][et_pb_column type=\u00bb4_4&#8243; _builder_version=\u00bb4.19.1&#8243; _module_preset=\u00bbdefault\u00bb global_colors_info=\u00bb{}\u00bb][et_pb_image src=\u00bbhttps:\/\/mintxeta.com\/wp-content\/uploads\/2025\/10\/8C3A9016-RGB.jpg\u00bb title_text=\u00bb8C3A9016 RGB\u00bb _builder_version=\u00bb4.27.4&#8243; _module_preset=\u00bbdefault\u00bb hover_enabled=\u00bb0&#8243; global_colors_info=\u00bb{}\u00bb sticky_enabled=\u00bb0&#8243;][\/et_pb_image][et_pb_text _builder_version=\u00bb4.27.4&#8243; _module_preset=\u00bbdefault\u00bb hover_enabled=\u00bb0&#8243; global_colors_info=\u00bb{}\u00bb sticky_enabled=\u00bb0&#8243; content_last_edited=\u00bbon|phone\u00bb content_tablet=\u00bb<\/p>\n<p><strong>En el a\u00f1o 2024 se celebra la 80 edici\u00f3n del Cross.<\/strong> Al t\u00e9rmino de dicha edici\u00f3n se retiran varias de las personas importantes que han estado dentro de la organizaci\u00f3n. Gerardo De Pedro, Jose Luis Diez, Jose Mari Salaberria, Cirilio Sanchez y Anton Azpiazu, dejan paso a un nuevo grupo de trabajo compuesto por 11 personas, las cuales comienzan a trabajar en la edici\u00f3n del 2025, con la ayuda de estas 5 personas retiradas.<\/p>\n<p>\u00bb content_phone=\u00bb<\/p>\n<p><strong>En el a\u00f1o 2024 se celebra la 80 edici\u00f3n del Cross.<\/strong> Al t\u00e9rmino de dicha edici\u00f3n se retiran varias de las personas importantes que han estado dentro de la organizaci\u00f3n. Gerardo De Pedro, Jose Luis Diez, Jose Mari Salaberria, Cirilio Sanchez y Anton Azpiazu, dejan paso a un nuevo grupo de trabajo compuesto por 11 personas, las cuales comienzan a trabajar en la edici\u00f3n del 2025, con la ayuda de estas 5 personas retiradas.<\/p>\n<p>\u00ab]<\/p>\n<p><strong>En el a\u00f1o 2024 se celebra la 80 edici\u00f3n del Cross.<\/strong> Al t\u00e9rmino de dicha edici\u00f3n se retiran varias de las personas importantes que han estado dentro de la organizaci\u00f3n. Gerardo De Pedro, Jose Luis Diez, Jose Mari Salaberria, Cirilio Sanchez y Anton Azpiazu, dejan paso a un nuevo grupo de trabajo compuesto por 11 personas, las cuales comienzan a trabajar en la edici\u00f3n del 2025, con la ayuda de estas 5 personas retiradas.<\/p>\n<p>[\/et_pb_text][\/et_pb_column][\/et_pb_row][et_pb_row column_structure=\u00bb1_4,3_4&#8243; _builder_version=\u00bb4.19.1&#8243; _module_preset=\u00bbdefault\u00bb global_colors_info=\u00bb{}\u00bb locked=\u00bboff\u00bb][et_pb_column type=\u00bb1_4&#8243; _builder_version=\u00bb4.19.1&#8243; _module_preset=\u00bbdefault\u00bb global_colors_info=\u00bb{}\u00bb][et_pb_image src=\u00bbhttps:\/\/mintxeta.com\/wp-content\/uploads\/2025\/10\/logo-JUAN-MUGUERZA-ELGOIBAR-2.jpg\u00bb title_text=\u00bblogo JUAN MUGUERZA ELGOIBAR 2&#8243; _builder_version=\u00bb4.27.4&#8243; _module_preset=\u00bbdefault\u00bb hover_enabled=\u00bb0&#8243; global_colors_info=\u00bb{}\u00bb sticky_enabled=\u00bb0&#8243;][\/et_pb_image][\/et_pb_column][et_pb_column type=\u00bb3_4&#8243; _builder_version=\u00bb4.19.1&#8243; _module_preset=\u00bbdefault\u00bb global_colors_info=\u00bb{}\u00bb][et_pb_text _builder_version=\u00bb4.27.4&#8243; _module_preset=\u00bbdefault\u00bb hover_enabled=\u00bb0&#8243; global_colors_info=\u00bb{}\u00bb sticky_enabled=\u00bb0&#8243;]<\/p>\n<p><strong>El 24 de noviembre de 2024 sale a la luz el logotipo que a partir de entonces ser\u00e1 la nueva imagen del cross.<\/strong> El logo estan\u00a0los tres colores que representan el verde de las campas de Mintxeta, el color del barro y el tart\u00e1n de la famosa pista del cross, junto a es \u00abe\u00bb de Elgoibar.<\/p>\n<p>[\/et_pb_text][\/et_pb_column][\/et_pb_row][\/et_pb_section]<\/p>\n","protected":false},"excerpt":{"rendered":"<p>HISTORIAEn 1943, fue un peque\u00f1o grupo de aficionados al atletismo, entonces involucrados en el Club Deportivo Elgoibar, los que impulsaron el nacimiento del Cross Memorial Juan Muguerza en homenaje al excelente atleta de mediofondo, fondo y cross que alcanz\u00f3 la internacionalidad junto a otro ilustre elgoibartarra, Ignacio Izaguirre. \u2028\u2028Juan Muguerza Sasieta naci\u00f3 en Elgoibar (Gipuzkoa) [&hellip;]<\/p>\n","protected":false},"author":1,"featured_media":0,"parent":0,"menu_order":0,"comment_status":"closed","ping_status":"closed","template":"","meta":{"_et_pb_use_builder":"on","_et_pb_old_content":"","_et_gb_content_width":"","footnotes":""},"class_list":["post-412","page","type-page","status-publish","hentry"],"_links":{"self":[{"href":"https:\/\/mintxeta.com\/index.php\/wp-json\/wp\/v2\/pages\/412","targetHints":{"allow":["GET"]}}],"collection":[{"href":"https:\/\/mintxeta.com\/index.php\/wp-json\/wp\/v2\/pages"}],"about":[{"href":"https:\/\/mintxeta.com\/index.php\/wp-json\/wp\/v2\/types\/page"}],"author":[{"embeddable":true,"href":"https:\/\/mintxeta.com\/index.php\/wp-json\/wp\/v2\/users\/1"}],"replies":[{"embeddable":true,"href":"https:\/\/mintxeta.com\/index.php\/wp-json\/wp\/v2\/comments?post=412"}],"version-history":[{"count":16,"href":"https:\/\/mintxeta.com\/index.php\/wp-json\/wp\/v2\/pages\/412\/revisions"}],"predecessor-version":[{"id":1993,"href":"https:\/\/mintxeta.com\/index.php\/wp-json\/wp\/v2\/pages\/412\/revisions\/1993"}],"wp:attachment":[{"href":"https:\/\/mintxeta.com\/index.php\/wp-json\/wp\/v2\/media?parent=412"}],"curies":[{"name":"wp","href":"https:\/\/api.w.org\/{rel}","templated":true}]}}