{"id":263,"date":"2022-11-14T16:55:07","date_gmt":"2022-11-14T16:55:07","guid":{"rendered":"https:\/\/mintxeta.com\/?page_id=263"},"modified":"2026-01-02T14:17:45","modified_gmt":"2026-01-02T14:17:45","slug":"reglamento","status":"publish","type":"page","link":"https:\/\/mintxeta.com\/index.php\/reglamento\/","title":{"rendered":"REGLAMENTO"},"content":{"rendered":"<p>[et_pb_section fb_built=\u00bb1&#8243; fullwidth=\u00bbon\u00bb _builder_version=\u00bb4.19.0&#8243; _module_preset=\u00bbdefault\u00bb global_colors_info=\u00bb{}\u00bb][et_pb_fullwidth_image src=\u00bbhttps:\/\/mintxeta.com\/wp-content\/uploads\/2022\/11\/inscripcion.jpg\u00bb title_text=\u00bbinscripcion\u00bb _builder_version=\u00bb4.19.0&#8243; _module_preset=\u00bbdefault\u00bb global_colors_info=\u00bb{}\u00bb][\/et_pb_fullwidth_image][\/et_pb_section][et_pb_section fb_built=\u00bb1&#8243; _builder_version=\u00bb4.19.0&#8243; _module_preset=\u00bbdefault\u00bb global_colors_info=\u00bb{}\u00bb][et_pb_row _builder_version=\u00bb4.19.0&#8243; _module_preset=\u00bbdefault\u00bb global_colors_info=\u00bb{}\u00bb][et_pb_column type=\u00bb4_4&#8243; _builder_version=\u00bb4.19.0&#8243; _module_preset=\u00bbdefault\u00bb global_colors_info=\u00bb{}\u00bb][et_pb_text _builder_version=\u00bb4.19.0&#8243; _module_preset=\u00bbdefault\u00bb text_font=\u00bbMontserrat||||||||\u00bb global_colors_info=\u00bb{}\u00bb]<\/p>\n<h1 style=\"font-weight: bold;\">REGLAMENTO<\/h1>\n<p>[\/et_pb_text][et_pb_text content_tablet=\u00bb<\/p>\n<p><strong>REGLAMENTO DEL LXXXII CROSS INTERNACIONAL JUAN MUGUERZA<\/strong><\/p>\n<p><u>A CELEBRAR EN ELGOIBAR EL DIA 18 DE ENERO DE 2026<\/u><\/p>\n<p>1.- Las carreras se disputar\u00e1n en el circuito de Mintxeta situado en Elgoibar.<\/p>\n<p>2.- En las carreras absolutas, todo <strong>atleta doblado \u00f3 a punto de serlo, ser\u00e1 autom\u00e1ticamente eliminado<\/strong>, retir\u00e1ndosele el dorsal y debiendo abandonar el circuito.<\/p>\n<p>3.- INSCRIPCIONES:<\/p>\n<ul>\n<li>Ser\u00e1 obligatorio inscribirse para poder participar en TODAS las categor\u00edas.<\/li>\n<li>No habr\u00e1 diferenciaci\u00f3n entre atletas senior, sub-23 y veteranos, por lo que habr\u00e1 una \u00fanica clasificaci\u00f3n y premios, denomin\u00e1ndose categor\u00eda absoluta.<\/li>\n<\/ul>\n<ul>\n<li>A <strong>partir del 26 de diciembre<\/strong> <strong>2025<\/strong> y hasta el d\u00eda<strong> 14 de enero de 2026 <\/strong>inclusive y antes de las 13:00 horas.<\/li>\n<li><strong>Alev\u00edn (sub-12) e Infantil (sub-14) de Gipuzkoa <\/strong><a href=%22https:\/\/sistema.eskolakirola.es\/UI\/UI\/Login%22>APP Sistema de Clubes<\/a> y <a href=%22https:\/\/colegio.eskolakirola.es\/UI\/UI\/Login%22>APP Sistema de Centros Escolares<\/a><\/li>\n<li><strong>Alev\u00edn (sub-12) e Infantil (sub-14) de fuera de Gipuzkoa, <\/strong>a trav\u00e9s de Kirolprobak <a href=%22https:\/\/inscripcion.kirolprobak.com\/inscripcion\/lxxxii-cross-internacional-juan-muguerza-elgoibar\/%22>JUAN MUGUERZA 2026<\/a><\/li>\n<li><strong>Atletas Federados (sub-16, sub-18, sub-20 y absoluta), con licencia nacional o vasca <\/strong>mediante CALL ROOM de la RFEA<\/li>\n<\/ul>\n<ul>\n<li><strong>Atletas Federados (sub-16, sub-18, sub-20 y absoluta), con licencia territorial de fuera de Euskadi <\/strong>deber\u00e1n inscribirse a trav\u00e9s de Kirolprobak <a href=%22https:\/\/inscripcion.kirolprobak.com\/inscripcion\/lxxxii-cross-internacional-juan-muguerza-elgoibar\/%22>JUAN MUGUERZA 2026<\/a> El coste de Licencia de d\u00eda es de 3\u20ac (excepto para los sub-16). De acuerdo con la Normativa de Competiciones vigente de la RFEA, ser\u00e1 necesaria la tramitaci\u00f3n de Licencia de d\u00eda para atletas de fuera de Euskadi que no posean licencia nacional RFEA.<\/li>\n<\/ul>\n<p>4.- La entrega de dorsales se efectuar\u00e1 el s\u00e1bado d\u00eda 17 de enero de 2026 en la recepci\u00f3n del ayuntamiento de Elgoibar y el domingo 18 junto a la entrada PRINCIPAL del circuito.<\/p>\n<p><strong>En TODAS las categor\u00edas se deber\u00e1 correr con el dorsal que entrega la organizaci\u00f3n. Dicho dorsal tendr\u00e1 chip en su parte trasera<\/strong>. Es obligatorio llevar el dorsal durante toda la carrera bien visible y llegar a meta con el mismo, ya que de lo contrario ser\u00e1 descalificado.<\/p>\n<p>5.- Los\/as atletas de la categor\u00eda <strong>absoluta, j\u00fanior (sub-20), juvenil (sub-18) y cadete (sub-16)<\/strong>, deber\u00e1n <strong>pasar obligatoriamente por c\u00e1mara de llamadas y presentar el DNI, licencia o documento oficial con fotograf\u00eda. <\/strong>Los\/as atletas de la categor\u00eda alev\u00edn (sub-12) e infantil (sub-14) tambi\u00e9n deber\u00e1n pasar obligatoriamente por c\u00e1mara de llamadas, no siendo necesaria su identificaci\u00f3n. Se les leer\u00e1 el chip a la entrada de la c\u00e1mara de llamadas.<\/p>\n<p>6.- Todas aquellas personas que no presenten dorsal, invitaci\u00f3n o acreditaci\u00f3n, deber\u00e1n pasar por taquilla y abonar un precio general de 6\u20ac y 3\u20ac ni\u00f1as y ni\u00f1os (8-14 a\u00f1os).<\/p>\n<p>7.- La organizaci\u00f3n no se hace responsable de los accidentes que pudieran ocurrir en o fuera de la prueba.<\/p>\n<p>8.- El hecho de participar en esta prueba, supone la aceptaci\u00f3n de este reglamento.<\/p>\n<p>9.- Para todo lo no reflejado en este reglamento se estar\u00e1 a lo dispuesto por la reglamentaci\u00f3n de la World Athletics y la RFEA.<\/p>\n<p>\u00bb content_phone=\u00bb<\/p>\n<p><strong>REGLAMENTO DEL LXXXII CROSS INTERNACIONAL JUAN MUGUERZA<\/strong><\/p>\n<p><u>A CELEBRAR EN ELGOIBAR EL DIA 18 DE ENERO DE 2026<\/u><\/p>\n<p>1.- Las carreras se disputar\u00e1n en el circuito de Mintxeta situado en Elgoibar.<\/p>\n<p>2.- En las carreras absolutas, todo <strong>atleta doblado \u00f3 a punto de serlo, ser\u00e1 autom\u00e1ticamente eliminado<\/strong>, retir\u00e1ndosele el dorsal y debiendo abandonar el circuito.<\/p>\n<p>3.- INSCRIPCIONES:<\/p>\n<ul>\n<li>Ser\u00e1 obligatorio inscribirse para poder participar en TODAS las categor\u00edas.<\/li>\n<li>No habr\u00e1 diferenciaci\u00f3n entre atletas senior, sub-23 y veteranos, por lo que habr\u00e1 una \u00fanica clasificaci\u00f3n y premios, denomin\u00e1ndose categor\u00eda absoluta.<\/li>\n<\/ul>\n<ul>\n<li>A <strong>partir del 26 de diciembre<\/strong> <strong>2025<\/strong> y hasta el d\u00eda<strong> 14 de enero de 2026 <\/strong>inclusive y antes de las 13:00 horas.<\/li>\n<li><strong>Alev\u00edn (sub-12) e Infantil (sub-14) de Gipuzkoa <\/strong><a href=%22https:\/\/sistema.eskolakirola.es\/UI\/UI\/Login%22>APP Sistema de Clubes<\/a> y <a href=%22https:\/\/colegio.eskolakirola.es\/UI\/UI\/Login%22>APP Sistema de Centros Escolares<\/a><\/li>\n<li><strong>Alev\u00edn (sub-12) e Infantil (sub-14) de fuera de Gipuzkoa, <\/strong>a trav\u00e9s de Kirolprobak <a href=%22https:\/\/inscripcion.kirolprobak.com\/inscripcion\/lxxxii-cross-internacional-juan-muguerza-elgoibar\/%22>JUAN MUGUERZA 2026<\/a><\/li>\n<li><strong>Atletas Federados (sub-16, sub-18, sub-20 y absoluta), con licencia nacional o vasca <\/strong>mediante CALL ROOM de la RFEA<\/li>\n<\/ul>\n<ul>\n<li><strong>Atletas Federados (sub-16, sub-18, sub-20 y absoluta), con licencia territorial de fuera de Euskadi <\/strong>deber\u00e1n inscribirse a trav\u00e9s de Kirolprobak <a href=%22https:\/\/inscripcion.kirolprobak.com\/inscripcion\/lxxxii-cross-internacional-juan-muguerza-elgoibar\/%22>JUAN MUGUERZA 2026<\/a> El coste de Licencia de d\u00eda es de 3\u20ac (excepto para los sub-16). De acuerdo con la Normativa de Competiciones vigente de la RFEA, ser\u00e1 necesaria la tramitaci\u00f3n de Licencia de d\u00eda para atletas de fuera de Euskadi que no posean licencia nacional RFEA.<\/li>\n<\/ul>\n<p>4.- La entrega de dorsales se efectuar\u00e1 el s\u00e1bado d\u00eda 17 de enero de 2026 en la recepci\u00f3n del ayuntamiento de Elgoibar y el domingo 18 junto a la entrada PRINCIPAL del circuito.<\/p>\n<p><strong>En TODAS las categor\u00edas se deber\u00e1 correr con el dorsal que entrega la organizaci\u00f3n. Dicho dorsal tendr\u00e1 chip en su parte trasera<\/strong>. Es obligatorio llevar el dorsal durante toda la carrera bien visible y llegar a meta con el mismo, ya que de lo contrario ser\u00e1 descalificado.<\/p>\n<p>5.- Los\/as atletas de la categor\u00eda <strong>absoluta, j\u00fanior (sub-20), juvenil (sub-18) y cadete (sub-16)<\/strong>, deber\u00e1n <strong>pasar obligatoriamente por c\u00e1mara de llamadas y presentar el DNI, licencia o documento oficial con fotograf\u00eda. <\/strong>Los\/as atletas de la categor\u00eda alev\u00edn (sub-12) e infantil (sub-14) tambi\u00e9n deber\u00e1n pasar obligatoriamente por c\u00e1mara de llamadas, no siendo necesaria su identificaci\u00f3n. Se les leer\u00e1 el chip a la entrada de la c\u00e1mara de llamadas.<\/p>\n<p>6.- Todas aquellas personas que no presenten dorsal, invitaci\u00f3n o acreditaci\u00f3n, deber\u00e1n pasar por taquilla y abonar un precio general de 6\u20ac y 3\u20ac ni\u00f1as y ni\u00f1os (8-14 a\u00f1os).<\/p>\n<p>7.- La organizaci\u00f3n no se hace responsable de los accidentes que pudieran ocurrir en o fuera de la prueba.<\/p>\n<p>8.- El hecho de participar en esta prueba, supone la aceptaci\u00f3n de este reglamento.<\/p>\n<p>9.- Para todo lo no reflejado en este reglamento se estar\u00e1 a lo dispuesto por la reglamentaci\u00f3n de la World Athletics y la RFEA.<\/p>\n<p>\u00bb content_last_edited=\u00bbon|phone\u00bb disabled_on=\u00bboff|off|off\u00bb _builder_version=\u00bb4.27.5&#8243; _module_preset=\u00bbdefault\u00bb global_colors_info=\u00bb{}\u00bb]<\/p>\n<p><strong>REGLAMENTO DEL LXXXII CROSS INTERNACIONAL JUAN MUGUERZA<\/strong><\/p>\n<p><u>A CELEBRAR EN ELGOIBAR EL DIA 18 DE ENERO DE 2026<\/u><\/p>\n<p>1.- Las carreras se disputar\u00e1n en el circuito de Mintxeta situado en Elgoibar.<\/p>\n<p>2.- En las carreras absolutas, todo <strong>atleta doblado \u00f3 a punto de serlo, ser\u00e1 autom\u00e1ticamente eliminado<\/strong>, retir\u00e1ndosele el dorsal y debiendo abandonar el circuito.<\/p>\n<p>3.- INSCRIPCIONES:<\/p>\n<ul>\n<li>Ser\u00e1 obligatorio inscribirse para poder participar en TODAS las categor\u00edas.<\/li>\n<li>No habr\u00e1 diferenciaci\u00f3n entre atletas senior, sub-23 y veteranos, por lo que habr\u00e1 una \u00fanica clasificaci\u00f3n y premios, denomin\u00e1ndose categor\u00eda absoluta.<\/li>\n<\/ul>\n<ul>\n<li>A <strong>partir del 26 de diciembre<\/strong> <strong>2025<\/strong> y hasta el d\u00eda<strong> 14 de enero de 2026 <\/strong>inclusive y antes de las 13:00 horas.<\/li>\n<li><strong>Alev\u00edn (sub-12) e Infantil (sub-14) de Gipuzkoa <\/strong><a href=\"https:\/\/sistema.eskolakirola.es\/UI\/UI\/Login\">APP Sistema de Clubes<\/a> y <a href=\"https:\/\/colegio.eskolakirola.es\/UI\/UI\/Login\">APP Sistema de Centros Escolares<\/a><\/li>\n<li><strong>Alev\u00edn (sub-12) e Infantil (sub-14) de fuera de Gipuzkoa, <\/strong>a trav\u00e9s de Kirolprobak <a href=\"https:\/\/inscripcion.kirolprobak.com\/inscripcion\/lxxxii-cross-internacional-juan-muguerza-elgoibar\/\">JUAN MUGUERZA 2026<\/a><\/li>\n<li><strong>Atletas Federados (sub-16, sub-18, sub-20 y absoluta), con licencia nacional o vasca <\/strong>mediante CALL ROOM de la RFEA<\/li>\n<\/ul>\n<ul>\n<li><strong>Atletas Federados (sub-16, sub-18, sub-20 y absoluta), con licencia territorial de fuera de Euskadi <\/strong>deber\u00e1n inscribirse a trav\u00e9s de Kirolprobak <a href=\"https:\/\/inscripcion.kirolprobak.com\/inscripcion\/lxxxii-cross-internacional-juan-muguerza-elgoibar\/\">JUAN MUGUERZA 2026<\/a> El coste de Licencia de d\u00eda es de 3\u20ac (excepto para los sub-16). De acuerdo con la Normativa de Competiciones vigente de la RFEA, ser\u00e1 necesaria la tramitaci\u00f3n de Licencia de d\u00eda para atletas de fuera de Euskadi que no posean licencia nacional RFEA.<\/li>\n<\/ul>\n<p>4.- La entrega de dorsales se efectuar\u00e1 el s\u00e1bado d\u00eda 17 de enero de 2026 en la recepci\u00f3n del ayuntamiento de Elgoibar y el domingo 18 junto a la entrada PRINCIPAL del circuito.<\/p>\n<p><strong>En TODAS las categor\u00edas se deber\u00e1 correr con el dorsal que entrega la organizaci\u00f3n. Dicho dorsal tendr\u00e1 chip en su parte trasera<\/strong>. Es obligatorio llevar el dorsal durante toda la carrera bien visible y llegar a meta con el mismo, ya que de lo contrario ser\u00e1 descalificado.<\/p>\n<p>5.- Los\/as atletas de la categor\u00eda <strong>absoluta, j\u00fanior (sub-20), juvenil (sub-18) y cadete (sub-16)<\/strong>, deber\u00e1n <strong>pasar obligatoriamente por c\u00e1mara de llamadas y presentar el DNI, licencia o documento oficial con fotograf\u00eda. <\/strong>Los\/as atletas de la categor\u00eda alev\u00edn (sub-12) e infantil (sub-14) tambi\u00e9n deber\u00e1n pasar obligatoriamente por c\u00e1mara de llamadas, no siendo necesaria su identificaci\u00f3n. Se les leer\u00e1 el chip a la entrada de la c\u00e1mara de llamadas.<\/p>\n<p>6.- Todas aquellas personas que no presenten dorsal, invitaci\u00f3n o acreditaci\u00f3n, deber\u00e1n pasar por taquilla y abonar un precio general de 6\u20ac y 3\u20ac ni\u00f1as y ni\u00f1os (8-14 a\u00f1os).<\/p>\n<p>7.- La organizaci\u00f3n no se hace responsable de los accidentes que pudieran ocurrir en o fuera de la prueba.<\/p>\n<p>8.- El hecho de participar en esta prueba, supone la aceptaci\u00f3n de este reglamento.<\/p>\n<p>9.- Para todo lo no reflejado en este reglamento se estar\u00e1 a lo dispuesto por la reglamentaci\u00f3n de la World Athletics y la RFEA.<\/p>\n<p>[\/et_pb_text][et_pb_button button_url=\u00bbhttps:\/\/mintxeta.com\/wp-content\/uploads\/2026\/01\/REGLAMENTO-CROSS-2026.doc\u00bb url_new_window=\u00bbon\u00bb button_text=\u00bbDescargar reglamento Cross 2026&#8243; _builder_version=\u00bb4.27.5&#8243; _module_preset=\u00bbdefault\u00bb hover_enabled=\u00bb0&#8243; global_colors_info=\u00bb{}\u00bb sticky_enabled=\u00bb0&#8243;][\/et_pb_button][\/et_pb_column][\/et_pb_row][\/et_pb_section]<\/p>\n","protected":false},"excerpt":{"rendered":"<p>REGLAMENTOREGLAMENTO DEL LXXXII CROSS INTERNACIONAL JUAN MUGUERZA A CELEBRAR EN ELGOIBAR EL DIA 18 DE ENERO DE 2026 1.- Las carreras se disputar\u00e1n en el circuito de Mintxeta situado en Elgoibar. 2.- En las carreras absolutas, todo atleta doblado \u00f3 a punto de serlo, ser\u00e1 autom\u00e1ticamente eliminado, retir\u00e1ndosele el dorsal y debiendo abandonar el circuito. [&hellip;]<\/p>\n","protected":false},"author":1,"featured_media":0,"parent":0,"menu_order":0,"comment_status":"closed","ping_status":"closed","template":"","meta":{"_et_pb_use_builder":"on","_et_pb_old_content":"","_et_gb_content_width":"","footnotes":""},"class_list":["post-263","page","type-page","status-publish","hentry"],"_links":{"self":[{"href":"https:\/\/mintxeta.com\/index.php\/wp-json\/wp\/v2\/pages\/263","targetHints":{"allow":["GET"]}}],"collection":[{"href":"https:\/\/mintxeta.com\/index.php\/wp-json\/wp\/v2\/pages"}],"about":[{"href":"https:\/\/mintxeta.com\/index.php\/wp-json\/wp\/v2\/types\/page"}],"author":[{"embeddable":true,"href":"https:\/\/mintxeta.com\/index.php\/wp-json\/wp\/v2\/users\/1"}],"replies":[{"embeddable":true,"href":"https:\/\/mintxeta.com\/index.php\/wp-json\/wp\/v2\/comments?post=263"}],"version-history":[{"count":18,"href":"https:\/\/mintxeta.com\/index.php\/wp-json\/wp\/v2\/pages\/263\/revisions"}],"predecessor-version":[{"id":2220,"href":"https:\/\/mintxeta.com\/index.php\/wp-json\/wp\/v2\/pages\/263\/revisions\/2220"}],"wp:attachment":[{"href":"https:\/\/mintxeta.com\/index.php\/wp-json\/wp\/v2\/media?parent=263"}],"curies":[{"name":"wp","href":"https:\/\/api.w.org\/{rel}","templated":true}]}}