{"id":251,"date":"2022-11-14T16:49:01","date_gmt":"2022-11-14T16:49:01","guid":{"rendered":"https:\/\/mintxeta.com\/?page_id=251"},"modified":"2025-10-21T15:16:29","modified_gmt":"2025-10-21T15:16:29","slug":"horarios","status":"publish","type":"page","link":"https:\/\/mintxeta.com\/index.php\/horarios\/","title":{"rendered":"HORARIOS Y DISTANCIAS"},"content":{"rendered":"<p>[et_pb_section fb_built=\u00bb1&#8243; fullwidth=\u00bbon\u00bb _builder_version=\u00bb4.19.0&#8243; _module_preset=\u00bbdefault\u00bb global_colors_info=\u00bb{}\u00bb][et_pb_fullwidth_image src=\u00bbhttps:\/\/mintxeta.com\/wp-content\/uploads\/2022\/11\/inscripcion.jpg\u00bb title_text=\u00bbinscripcion\u00bb _builder_version=\u00bb4.19.0&#8243; _module_preset=\u00bbdefault\u00bb global_colors_info=\u00bb{}\u00bb][\/et_pb_fullwidth_image][\/et_pb_section][et_pb_section fb_built=\u00bb1&#8243; _builder_version=\u00bb4.19.0&#8243; _module_preset=\u00bbdefault\u00bb global_colors_info=\u00bb{}\u00bb][et_pb_row _builder_version=\u00bb4.19.0&#8243; _module_preset=\u00bbdefault\u00bb global_colors_info=\u00bb{}\u00bb][et_pb_column type=\u00bb4_4&#8243; _builder_version=\u00bb4.19.0&#8243; _module_preset=\u00bbdefault\u00bb global_colors_info=\u00bb{}\u00bb][et_pb_text content_tablet=\u00bb<\/p>\n<h1 style=%22font-weight: bold;%22>HORARIOS Y DISTANCIAS<\/h1>\n<p>Pendiente de publicaci\u00f3n<\/p>\n<p>\u00bb content_phone=\u00bb<\/p>\n<h1 style=%22font-weight: bold;%22>HORARIOS Y DISTANCIAS<\/h1>\n<p>Pendiente de publicaci\u00f3n<\/p>\n<p>\u00bb content_last_edited=\u00bbon|phone\u00bb _builder_version=\u00bb4.27.4&#8243; _module_preset=\u00bbdefault\u00bb text_font=\u00bbMontserrat||||||||\u00bb global_colors_info=\u00bb{}\u00bb]<\/p>\n<h1 style=\"font-weight: bold;\">HORARIOS Y DISTANCIAS<\/h1>\n<p>[\/et_pb_text][et_pb_text content_tablet=\u00bb<\/p>\n<h1 style=%22font-weight: bold;%22>LXXXII CROSS INTERNACIONAL JUAN MUGUERZA ELGOIBAR<\/h1>\n<table cellpadding=%222%22 class=%22tabla%22>\n<thead>\n<tr>\n<th style=%22width: 79.4px;%22>Categor\u00eda<\/th>\n<th style=%22width: 255px;%22>A\u00f1o<\/th>\n<th style=%22width: 63px;%22>Hora<\/th>\n<th style=%22width: 67px;%22>Metros<\/th>\n<th style=%22width: 403px;%22>Recorrido<\/th>\n<\/tr>\n<\/thead>\n<tbody>\n<tr>\n<td style=%22width: 79.4px;%22>Alev\u00edn Femenino Sub-12<\/td>\n<td style=%22width: 255px;%22>2014-15<\/td>\n<td style=%22width: 63px;%22>09:30h.<\/td>\n<td style=%22width: 67px;%22>1.363m<\/td>\n<td style=%22width: 403px;%22>1 vuelta pista + 1 vuelta peque\u00f1a<\/td>\n<\/tr>\n<tr class=%22color%22>\n<td style=%22width: 79.4px;%22>Alev\u00edn masculino Sub-12<\/td>\n<td style=%22width: 255px;%22>2014-15<\/td>\n<td style=%22width: 63px;%22>09:45h.<\/td>\n<td style=%22width: 67px;%22>2.052m<\/td>\n<td style=%22width: 403px;%22>2 vueltas peque\u00f1as<\/td>\n<\/tr>\n<tr>\n<td style=%22width: 79.4px;%22>Infantil Femenino Sub-14<\/td>\n<td style=%22width: 255px;%22>2012-13<\/td>\n<td style=%22width: 63px;%22>10:00h.<\/td>\n<td style=%22width: 67px;%22>2.452m<\/td>\n<td style=%22width: 403px;%22>1 vuelta pista + 2 vueltas peque\u00f1as<\/td>\n<\/tr>\n<tr class=%22color%22>\n<td style=%22width: 79.4px;%22>Infantil Masculino Sub-14<\/td>\n<td style=%22width: 255px;%22>2012-13<\/td>\n<td style=%22width: 63px;%22>10:15h.<\/td>\n<td style=%22width: 67px;%22>2.452m<\/td>\n<td style=%22width: 403px;%22>1 vuelta pista + 2 vueltas peque\u00f1as<\/td>\n<\/tr>\n<tr>\n<td style=%22width: 79.4px;%22>Cadete Femenino Sub-16<\/td>\n<td style=%22width: 255px;%22>2011<\/td>\n<td style=%22width: 63px;%22>10:30h.<\/td>\n<td style=%22width: 67px;%22>3.141m<\/td>\n<td style=%22width: 403px;%22>3 vueltas peque\u00f1as<\/td>\n<\/tr>\n<tr class=%22color%22>\n<td style=%22width: 79.4px;%22>Cadete Masculino Sub-16<\/td>\n<td style=%22width: 255px;%22>2011<\/td>\n<td style=%22width: 63px;%22>10:45h.<\/td>\n<td style=%22width: 67px;%22>3.141m<\/td>\n<td style=%22width: 403px;%22>3 vueltas peque\u00f1as<\/td>\n<\/tr>\n<tr>\n<td style=%22width: 79.4px;%22>Juven\u00edl Femenino Sub-18<\/td>\n<td style=%22width: 255px;%22>2009-2010<\/td>\n<td style=%22width: 63px;%22>11:00h.<\/td>\n<td style=%22width: 67px;%22>3.449m<\/td>\n<td style=%22width: 403px;%22>1 vuelta pista + 1 vuelta peque\u00f1a + 1 vuelta grande<\/td>\n<\/tr>\n<tr class=%22color%22>\n<td style=%22width: 79.4px;%22>Juven\u00edl Masculino Sub-18<\/td>\n<td style=%22width: 255px;%22>2009-2010<\/td>\n<td style=%22width: 63px;%22>11:20h.<\/td>\n<td style=%22width: 67px;%22>4.538m<\/td>\n<td style=%22width: 403px;%22>1 vuelta pista + 2 vueltas peque\u00f1a + 1 vuelta grande<\/td>\n<\/tr>\n<tr>\n<td style=%22width: 79.4px;%22>Junior Femenino Sub-20<\/td>\n<td style=%22width: 255px;%22>2007-2008<\/td>\n<td style=%22width: 63px;%22>11:40h.<\/td>\n<td style=%22width: 67px;%22>5.535m<\/td>\n<td style=%22width: 403px;%22>1 vuelta pista+ 1 vuelta peque\u00f1a + 2 vueltas grandes<\/td>\n<\/tr>\n<tr class=%22color%22>\n<td style=%22width: 79.4px;%22>Junior Masculino Sub-20<\/td>\n<td style=%22width: 255px;%22>2007-2008<\/td>\n<td style=%22width: 63px;%22>12:10h.<\/td>\n<td style=%22width: 67px;%22>5.535m<\/td>\n<td style=%22width: 403px;%22>1 vuelta pista+ 1 vuelta peque\u00f1a + 2 vueltas grandes<\/td>\n<\/tr>\n<tr>\n<td style=%22width: 79.4px;%22>Absoluto Femenino<\/td>\n<td style=%22width: 255px;%22>2006 y anterior<\/td>\n<td style=%22width: 63px;%22>12:35 h.<\/td>\n<td style=%22width: 67px;%22>7.621m<\/td>\n<td style=%22width: 403px;%22>1 vuelta pista+ 1 vuelta peque\u00f1a+ 3 vueltas grandes<\/td>\n<\/tr>\n<tr><\/tr>\n<tr class=%22color%22>\n<td style=%22width: 79.4px;%22>Absoluto Masculino<\/td>\n<td style=%22width: 255px;%22>2006 y anterior<\/td>\n<td style=%22width: 63px;%22>13:15 h.<\/td>\n<td style=%22width: 67px;%22>9.707m<\/td>\n<td style=%22width: 403px;%22>1 vuelta pista+ 1 vuelta peque\u00f1a + 4 vueltas grandes<\/td>\n<\/tr>\n<\/tbody>\n<\/table>\n<p>\u00bb content_phone=\u00bb<\/p>\n<h1 style=%22font-weight: bold;%22>LXXXII CROSS INTERNACIONAL JUAN MUGUERZA ELGOIBAR<\/h1>\n<table cellpadding=%222%22 class=%22tabla%22>\n<thead>\n<tr>\n<th style=%22width: 79.4px;%22>Categor\u00eda<\/th>\n<th style=%22width: 255px;%22>A\u00f1o<\/th>\n<th style=%22width: 63px;%22>Hora<\/th>\n<th style=%22width: 67px;%22>Metros<\/th>\n<th style=%22width: 403px;%22>Recorrido<\/th>\n<\/tr>\n<\/thead>\n<tbody>\n<tr>\n<td style=%22width: 79.4px;%22>Alev\u00edn Femenino Sub-12<\/td>\n<td style=%22width: 255px;%22>2014-15<\/td>\n<td style=%22width: 63px;%22>09:30h.<\/td>\n<td style=%22width: 67px;%22>1.363m<\/td>\n<td style=%22width: 403px;%22>1 vuelta pista + 1 vuelta peque\u00f1a<\/td>\n<\/tr>\n<tr class=%22color%22>\n<td style=%22width: 79.4px;%22>Alev\u00edn masculino Sub-12<\/td>\n<td style=%22width: 255px;%22>2014-15<\/td>\n<td style=%22width: 63px;%22>09:45h.<\/td>\n<td style=%22width: 67px;%22>2.052m<\/td>\n<td style=%22width: 403px;%22>2 vueltas peque\u00f1as<\/td>\n<\/tr>\n<tr>\n<td style=%22width: 79.4px;%22>Infantil Femenino Sub-14<\/td>\n<td style=%22width: 255px;%22>2012-13<\/td>\n<td style=%22width: 63px;%22>10:00h.<\/td>\n<td style=%22width: 67px;%22>2.452m<\/td>\n<td style=%22width: 403px;%22>1 vuelta pista + 2 vueltas peque\u00f1as<\/td>\n<\/tr>\n<tr class=%22color%22>\n<td style=%22width: 79.4px;%22>Infantil Masculino Sub-14<\/td>\n<td style=%22width: 255px;%22>2012-13<\/td>\n<td style=%22width: 63px;%22>10:15h.<\/td>\n<td style=%22width: 67px;%22>2.452m<\/td>\n<td style=%22width: 403px;%22>1 vuelta pista + 2 vueltas peque\u00f1as<\/td>\n<\/tr>\n<tr>\n<td style=%22width: 79.4px;%22>Cadete Femenino Sub-16<\/td>\n<td style=%22width: 255px;%22>2011<\/td>\n<td style=%22width: 63px;%22>10:30h.<\/td>\n<td style=%22width: 67px;%22>3.141m<\/td>\n<td style=%22width: 403px;%22>3 vueltas peque\u00f1as<\/td>\n<\/tr>\n<tr class=%22color%22>\n<td style=%22width: 79.4px;%22>Cadete Masculino Sub-16<\/td>\n<td style=%22width: 255px;%22>2011<\/td>\n<td style=%22width: 63px;%22>10:45h.<\/td>\n<td style=%22width: 67px;%22>3.141m<\/td>\n<td style=%22width: 403px;%22>3 vueltas peque\u00f1as<\/td>\n<\/tr>\n<tr>\n<td style=%22width: 79.4px;%22>Juven\u00edl Femenino Sub-18<\/td>\n<td style=%22width: 255px;%22>2009-2010<\/td>\n<td style=%22width: 63px;%22>11:00h.<\/td>\n<td style=%22width: 67px;%22>3.449m<\/td>\n<td style=%22width: 403px;%22>1 vuelta pista + 1 vuelta peque\u00f1a + 1 vuelta grande<\/td>\n<\/tr>\n<tr class=%22color%22>\n<td style=%22width: 79.4px;%22>Juven\u00edl Masculino Sub-18<\/td>\n<td style=%22width: 255px;%22>2009-2010<\/td>\n<td style=%22width: 63px;%22>11:20h.<\/td>\n<td style=%22width: 67px;%22>4.538m<\/td>\n<td style=%22width: 403px;%22>1 vuelta pista + 2 vueltas peque\u00f1a + 1 vuelta grande<\/td>\n<\/tr>\n<tr>\n<td style=%22width: 79.4px;%22>Junior Femenino Sub-20<\/td>\n<td style=%22width: 255px;%22>2007-2008<\/td>\n<td style=%22width: 63px;%22>11:40h.<\/td>\n<td style=%22width: 67px;%22>5.535m<\/td>\n<td style=%22width: 403px;%22>1 vuelta pista+ 1 vuelta peque\u00f1a + 2 vueltas grandes<\/td>\n<\/tr>\n<tr class=%22color%22>\n<td style=%22width: 79.4px;%22>Junior Masculino Sub-20<\/td>\n<td style=%22width: 255px;%22>2007-2008<\/td>\n<td style=%22width: 63px;%22>12:10h.<\/td>\n<td style=%22width: 67px;%22>5.535m<\/td>\n<td style=%22width: 403px;%22>1 vuelta pista+ 1 vuelta peque\u00f1a + 2 vueltas grandes<\/td>\n<\/tr>\n<tr>\n<td style=%22width: 79.4px;%22>Absoluto Femenino<\/td>\n<td style=%22width: 255px;%22>2006 y anterior<\/td>\n<td style=%22width: 63px;%22>12:35 h.<\/td>\n<td style=%22width: 67px;%22>7.621m<\/td>\n<td style=%22width: 403px;%22>1 vuelta pista+ 1 vuelta peque\u00f1a+ 3 vueltas grandes<\/td>\n<\/tr>\n<tr><\/tr>\n<tr class=%22color%22>\n<td style=%22width: 79.4px;%22>Absoluto Masculino<\/td>\n<td style=%22width: 255px;%22>2006 y anterior<\/td>\n<td style=%22width: 63px;%22>13:15 h.<\/td>\n<td style=%22width: 67px;%22>9.707m<\/td>\n<td style=%22width: 403px;%22>1 vuelta pista+ 1 vuelta peque\u00f1a + 4 vueltas grandes<\/td>\n<\/tr>\n<\/tbody>\n<\/table>\n<p>\u00bb content_last_edited=\u00bbon|phone\u00bb disabled_on=\u00bboff|off|off\u00bb _builder_version=\u00bb4.27.4&#8243; _module_preset=\u00bbdefault\u00bb text_font=\u00bbMontserrat||||||||\u00bb hover_enabled=\u00bb0&#8243; global_colors_info=\u00bb{}\u00bb sticky_enabled=\u00bb0&#8243;]<\/p>\n<h1 style=\"font-weight: bold;\">LXXXII CROSS INTERNACIONAL JUAN MUGUERZA ELGOIBAR<\/h1>\n<table cellpadding=\"2\" class=\"tabla\">\n<thead>\n<tr>\n<th style=\"width: 79.4px;\">Categor\u00eda<\/th>\n<th style=\"width: 255px;\">A\u00f1o<\/th>\n<th style=\"width: 63px;\">Hora<\/th>\n<th style=\"width: 67px;\">Metros<\/th>\n<th style=\"width: 403px;\">Recorrido<\/th>\n<\/tr>\n<\/thead>\n<tbody>\n<tr>\n<td style=\"width: 79.4px;\">Alev\u00edn Femenino Sub-12<\/td>\n<td style=\"width: 255px;\">2014-15<\/td>\n<td style=\"width: 63px;\">09:30h.<\/td>\n<td style=\"width: 67px;\">1.363m<\/td>\n<td style=\"width: 403px;\">1 vuelta pista + 1 vuelta peque\u00f1a<\/td>\n<\/tr>\n<tr class=\"color\">\n<td style=\"width: 79.4px;\">Alev\u00edn masculino Sub-12<\/td>\n<td style=\"width: 255px;\">2014-15<\/td>\n<td style=\"width: 63px;\">09:45h.<\/td>\n<td style=\"width: 67px;\">2.052m<\/td>\n<td style=\"width: 403px;\">2 vueltas peque\u00f1as<\/td>\n<\/tr>\n<tr>\n<td style=\"width: 79.4px;\">Infantil Femenino Sub-14<\/td>\n<td style=\"width: 255px;\">2012-13<\/td>\n<td style=\"width: 63px;\">10:00h.<\/td>\n<td style=\"width: 67px;\">2.452m<\/td>\n<td style=\"width: 403px;\">1 vuelta pista + 2 vueltas peque\u00f1as<\/td>\n<\/tr>\n<tr class=\"color\">\n<td style=\"width: 79.4px;\">Infantil Masculino Sub-14<\/td>\n<td style=\"width: 255px;\">2012-13<\/td>\n<td style=\"width: 63px;\">10:15h.<\/td>\n<td style=\"width: 67px;\">2.452m<\/td>\n<td style=\"width: 403px;\">1 vuelta pista + 2 vueltas peque\u00f1as<\/td>\n<\/tr>\n<tr>\n<td style=\"width: 79.4px;\">Cadete Femenino Sub-16<\/td>\n<td style=\"width: 255px;\">2011<\/td>\n<td style=\"width: 63px;\">10:30h.<\/td>\n<td style=\"width: 67px;\">3.141m<\/td>\n<td style=\"width: 403px;\">3 vueltas peque\u00f1as<\/td>\n<\/tr>\n<tr class=\"color\">\n<td style=\"width: 79.4px;\">Cadete Masculino Sub-16<\/td>\n<td style=\"width: 255px;\">2011<\/td>\n<td style=\"width: 63px;\">10:45h.<\/td>\n<td style=\"width: 67px;\">3.141m<\/td>\n<td style=\"width: 403px;\">3 vueltas peque\u00f1as<\/td>\n<\/tr>\n<tr>\n<td style=\"width: 79.4px;\">Juven\u00edl Femenino Sub-18<\/td>\n<td style=\"width: 255px;\">2009-2010<\/td>\n<td style=\"width: 63px;\">11:00h.<\/td>\n<td style=\"width: 67px;\">3.449m<\/td>\n<td style=\"width: 403px;\">1 vuelta pista + 1 vuelta peque\u00f1a + 1 vuelta grande<\/td>\n<\/tr>\n<tr class=\"color\">\n<td style=\"width: 79.4px;\">Juven\u00edl Masculino Sub-18<\/td>\n<td style=\"width: 255px;\">2009-2010<\/td>\n<td style=\"width: 63px;\">11:20h.<\/td>\n<td style=\"width: 67px;\">4.538m<\/td>\n<td style=\"width: 403px;\">1 vuelta pista + 2 vueltas peque\u00f1a + 1 vuelta grande<\/td>\n<\/tr>\n<tr>\n<td style=\"width: 79.4px;\">Junior Femenino Sub-20<\/td>\n<td style=\"width: 255px;\">2007-2008<\/td>\n<td style=\"width: 63px;\">11:40h.<\/td>\n<td style=\"width: 67px;\">5.535m<\/td>\n<td style=\"width: 403px;\">1 vuelta pista+ 1 vuelta peque\u00f1a + 2 vueltas grandes<\/td>\n<\/tr>\n<tr class=\"color\">\n<td style=\"width: 79.4px;\">Junior Masculino Sub-20<\/td>\n<td style=\"width: 255px;\">2007-2008<\/td>\n<td style=\"width: 63px;\">12:10h.<\/td>\n<td style=\"width: 67px;\">5.535m<\/td>\n<td style=\"width: 403px;\">1 vuelta pista+ 1 vuelta peque\u00f1a + 2 vueltas grandes<\/td>\n<\/tr>\n<tr>\n<td style=\"width: 79.4px;\">Absoluto Femenino<\/td>\n<td style=\"width: 255px;\">2006 y anterior<\/td>\n<td style=\"width: 63px;\">12:35 h.<\/td>\n<td style=\"width: 67px;\">7.621m<\/td>\n<td style=\"width: 403px;\">1 vuelta pista+ 1 vuelta peque\u00f1a+ 3 vueltas grandes<\/td>\n<\/tr>\n<tr><\/tr>\n<tr class=\"color\">\n<td style=\"width: 79.4px;\">Absoluto Masculino<\/td>\n<td style=\"width: 255px;\">2006 y anterior<\/td>\n<td style=\"width: 63px;\">13:15 h.<\/td>\n<td style=\"width: 67px;\">9.707m<\/td>\n<td style=\"width: 403px;\">1 vuelta pista+ 1 vuelta peque\u00f1a + 4 vueltas grandes<\/td>\n<\/tr>\n<\/tbody>\n<\/table>\n<p>[\/et_pb_text][\/et_pb_column][\/et_pb_row][\/et_pb_section]<\/p>\n","protected":false},"excerpt":{"rendered":"<p>HORARIOS Y DISTANCIASLXXXII CROSS INTERNACIONAL JUAN MUGUERZA ELGOIBAR Categor\u00eda A\u00f1o Hora Metros Recorrido Alev\u00edn Femenino Sub-12 2014-15 09:30h. 1.363m 1 vuelta pista + 1 vuelta peque\u00f1a Alev\u00edn masculino Sub-12 2014-15 09:45h. 2.052m 2 vueltas peque\u00f1as Infantil Femenino Sub-14 2012-13 10:00h. 2.452m 1 vuelta pista + 2 vueltas peque\u00f1as Infantil Masculino Sub-14 2012-13 10:15h. 2.452m 1 [&hellip;]<\/p>\n","protected":false},"author":1,"featured_media":0,"parent":0,"menu_order":0,"comment_status":"closed","ping_status":"closed","template":"","meta":{"_et_pb_use_builder":"on","_et_pb_old_content":"","_et_gb_content_width":"","footnotes":""},"class_list":["post-251","page","type-page","status-publish","hentry"],"_links":{"self":[{"href":"https:\/\/mintxeta.com\/index.php\/wp-json\/wp\/v2\/pages\/251","targetHints":{"allow":["GET"]}}],"collection":[{"href":"https:\/\/mintxeta.com\/index.php\/wp-json\/wp\/v2\/pages"}],"about":[{"href":"https:\/\/mintxeta.com\/index.php\/wp-json\/wp\/v2\/types\/page"}],"author":[{"embeddable":true,"href":"https:\/\/mintxeta.com\/index.php\/wp-json\/wp\/v2\/users\/1"}],"replies":[{"embeddable":true,"href":"https:\/\/mintxeta.com\/index.php\/wp-json\/wp\/v2\/comments?post=251"}],"version-history":[{"count":9,"href":"https:\/\/mintxeta.com\/index.php\/wp-json\/wp\/v2\/pages\/251\/revisions"}],"predecessor-version":[{"id":1910,"href":"https:\/\/mintxeta.com\/index.php\/wp-json\/wp\/v2\/pages\/251\/revisions\/1910"}],"wp:attachment":[{"href":"https:\/\/mintxeta.com\/index.php\/wp-json\/wp\/v2\/media?parent=251"}],"curies":[{"name":"wp","href":"https:\/\/api.w.org\/{rel}","templated":true}]}}